{"id":583,"date":"2022-07-06T20:02:33","date_gmt":"2022-07-06T20:02:33","guid":{"rendered":"https:\/\/rolandproperties.com\/?page_id=583"},"modified":"2022-09-02T01:28:02","modified_gmt":"2022-09-02T01:28:02","slug":"payment-portal","status":"publish","type":"page","link":"https:\/\/rolandproperties.com\/es\/payment-portal\/","title":{"rendered":"Portal de Pago"},"content":{"rendered":"<div data-elementor-type=\"wp-page\" data-elementor-id=\"583\" class=\"elementor elementor-583\">\n\t\t\t\t\t\t<section class=\"elementor-section elementor-top-section elementor-element elementor-element-66ec5b8 elementor-section-boxed elementor-section-height-default elementor-section-height-default\" data-id=\"66ec5b8\" data-element_type=\"section\" data-e-type=\"section\" data-settings=\"{&quot;background_background&quot;:&quot;classic&quot;}\">\n\t\t\t\t\t\t<div class=\"elementor-container elementor-column-gap-default\">\n\t\t\t\t\t<div class=\"elementor-column elementor-col-100 elementor-top-column elementor-element elementor-element-a15702f\" data-id=\"a15702f\" data-element_type=\"column\" data-e-type=\"column\">\n\t\t\t<div class=\"elementor-widget-wrap elementor-element-populated\">\n\t\t\t\t\t\t<div class=\"elementor-element elementor-element-fa1716c elementor-widget elementor-widget-heading\" data-id=\"fa1716c\" data-element_type=\"widget\" data-e-type=\"widget\" data-widget_type=\"heading.default\">\n\t\t\t\t<div class=\"elementor-widget-container\">\n\t\t\t\t\t<h2 class=\"elementor-heading-title elementor-size-default\">Portal de Pago<\/h2>\t\t\t\t<\/div>\n\t\t\t\t<\/div>\n\t\t\t\t\t<\/div>\n\t\t<\/div>\n\t\t\t\t\t<\/div>\n\t\t<\/section>\n\t\t\t\t<section class=\"elementor-section elementor-top-section elementor-element elementor-element-e0d3576 elementor-section-full_width elementor-section-height-default elementor-section-height-default\" data-id=\"e0d3576\" data-element_type=\"section\" data-e-type=\"section\" data-settings=\"{&quot;background_background&quot;:&quot;classic&quot;}\">\n\t\t\t\t\t\t<div class=\"elementor-container elementor-column-gap-default\">\n\t\t\t\t\t<div class=\"elementor-column elementor-col-100 elementor-top-column elementor-element elementor-element-94fab3c\" data-id=\"94fab3c\" data-element_type=\"column\" data-e-type=\"column\">\n\t\t\t<div class=\"elementor-widget-wrap elementor-element-populated\">\n\t\t\t\t\t\t<div class=\"elementor-element elementor-element-272ad39 elementor-widget elementor-widget-text-editor\" data-id=\"272ad39\" data-element_type=\"widget\" data-e-type=\"widget\" data-widget_type=\"text-editor.default\">\n\t\t\t\t<div class=\"elementor-widget-container\">\n\t\t\t\t\t\t\t\t\t<p>9663 Santa Monica Blvd. Suite 641 <br>Beverly Hills, CA. 90210<br>Tel\u00e9fono: 310-926-6800 | Fax: 310-256-3672<\/p>\t\t\t\t\t\t\t\t<\/div>\n\t\t\t\t<\/div>\n\t\t\t\t\t<\/div>\n\t\t<\/div>\n\t\t\t\t\t<\/div>\n\t\t<\/section>\n\t\t\t\t<section class=\"elementor-section elementor-top-section elementor-element elementor-element-05bfb61 elementor-section-boxed elementor-section-height-default elementor-section-height-default\" data-id=\"05bfb61\" data-element_type=\"section\" data-e-type=\"section\">\n\t\t\t\t\t\t<div class=\"elementor-container elementor-column-gap-default\">\n\t\t\t\t\t<div class=\"elementor-column elementor-col-100 elementor-top-column elementor-element elementor-element-25d5fe3\" data-id=\"25d5fe3\" data-element_type=\"column\" data-e-type=\"column\">\n\t\t\t<div class=\"elementor-widget-wrap elementor-element-populated\">\n\t\t\t\t\t\t<div class=\"elementor-element elementor-element-583a3f6 elementor-widget elementor-widget-shortcode\" data-id=\"583a3f6\" data-element_type=\"widget\" data-e-type=\"widget\" data-widget_type=\"shortcode.default\">\n\t\t\t\t<div class=\"elementor-widget-container\">\n\t\t\t\t\t\t\t<div class=\"elementor-shortcode\">\n<div class=\"wpcf7 no-js\" id=\"wpcf7-f582-o1\" lang=\"en-US\" dir=\"ltr\" data-wpcf7-id=\"582\">\n<div class=\"screen-reader-response\"><p role=\"status\" aria-live=\"polite\" aria-atomic=\"true\"><\/p> <ul><\/ul><\/div>\n<form action=\"\/es\/wp-json\/wp\/v2\/pages\/583#wpcf7-f582-o1\" method=\"post\" class=\"wpcf7-form init\" aria-label=\"Contact form\" novalidate=\"novalidate\" data-status=\"init\" data-trp-original-action=\"\/es\/wp-json\/wp\/v2\/pages\/583#wpcf7-f582-o1\">\n<fieldset class=\"hidden-fields-container\"><input type=\"hidden\" name=\"_wpcf7\" value=\"582\" \/><input type=\"hidden\" name=\"_wpcf7_version\" value=\"6.1.6\" \/><input type=\"hidden\" name=\"_wpcf7_locale\" value=\"en_US\" \/><input type=\"hidden\" name=\"_wpcf7_unit_tag\" value=\"wpcf7-f582-o1\" \/><input type=\"hidden\" name=\"_wpcf7_container_post\" value=\"0\" \/><input type=\"hidden\" name=\"_wpcf7_posted_data_hash\" value=\"\" \/>\n<\/fieldset>\n<p> AUTORIZACI\u00d3N PARA RETIRO AUTOM\u00c1TICO V\u00cdA ACH (D\u00c9BITO ACH)\n<\/p>\n<p> El dep\u00f3sito directo a trav\u00e9s de ACH es el dep\u00f3sito de fondos en la cuenta de un consumidor, por ejemplo, n\u00f3mina,<br \/>\nreembolso de gastos de empleados, beneficios gubernamentales, impuestos y otros reembolsos, anualidades y pagos de intereses.\n<\/p>\n<p class=\" translation-block\">El prestatario por la presente autoriza a ROLAND PROPERTIES, INC. a debitar electr\u00f3nicamente mi (nuestra)<br>\ncuenta (y si es necesario, para corregir electr\u00f3nicamente transacciones err\u00f3neas) de la siguiente manera:<\/p>\n<p> SELECCIONE UNO<br \/>\n<span class=\"wpcf7-form-control-wrap\" data-name=\"checkbox-Account\"><span class=\"wpcf7-form-control wpcf7-checkbox wpcf7-validates-as-required wpcf7-exclusive-checkbox\"><span class=\"wpcf7-list-item first\"><label><input type=\"checkbox\" name=\"checkbox-Account\" value=\"Checking Account\" \/><span class=\"wpcf7-list-item-label\">Cuenta de cheques<\/span><\/label><\/span><span class=\"wpcf7-list-item last\"><label><input type=\"checkbox\" name=\"checkbox-Account\" value=\"Savings Account\" \/><span class=\"wpcf7-list-item-label\">Cuenta de ahorros<\/span><\/label><\/span><\/span><\/span>\n<\/p>\n<p class=\" translation-block\">Como la instituci\u00f3n financiera depositaria que se nombra a continuaci\u00f3n (\"DEPOSITORIO\"). Acepto (aceptamos) que las transacciones ACH<br>\nYo (nosotros) autorizo (autorizamos) cumplir con todas las leyes aplicables.<\/p>\n<p><label> TU NOMBRE<br \/>\n<span class=\"wpcf7-form-control-wrap\" data-name=\"your-name\"><input size=\"40\" maxlength=\"400\" class=\"wpcf7-form-control wpcf7-text wpcf7-validates-as-required\" aria-required=\"true\" aria-invalid=\"false\" value=\"\" type=\"text\" name=\"your-name\" \/><\/span> <\/label>\n<\/p>\n<p><label> SU N\u00daMERO DE CUENTA: (Cuenta del prestatario)<br \/>\n<span class=\"wpcf7-form-control-wrap\" data-name=\"your-account-number\"><input size=\"40\" maxlength=\"400\" class=\"wpcf7-form-control wpcf7-text wpcf7-validates-as-required\" aria-required=\"true\" aria-invalid=\"false\" value=\"\" type=\"text\" name=\"your-account-number\" \/><\/span> <\/label>\n<\/p>\n<p><label> SU N\u00daMERO DE TEL\u00c9FONO (CELULAR)<br \/>\n<span class=\"wpcf7-form-control-wrap\" data-name=\"your-phone\"><input size=\"40\" maxlength=\"400\" class=\"wpcf7-form-control wpcf7-tel wpcf7-validates-as-required wpcf7-text wpcf7-validates-as-tel\" aria-required=\"true\" aria-invalid=\"false\" value=\"\" type=\"tel\" name=\"your-phone\" \/><\/span> <\/label>\n<\/p>\n<p><label> SU DIRECCI\u00d3N DE CORREO ELECTR\u00d3NICO<br \/>\n<span class=\"wpcf7-form-control-wrap\" data-name=\"your-email\"><input size=\"40\" maxlength=\"400\" class=\"wpcf7-form-control wpcf7-email wpcf7-validates-as-required wpcf7-text wpcf7-validates-as-email\" aria-required=\"true\" aria-invalid=\"false\" value=\"\" type=\"email\" name=\"your-email\" \/><\/span> <\/label>\n<\/p>\n<p><label> NOMBRE DEL BANCO\/DEPOSITORIO<br \/>\n<span class=\"wpcf7-form-control-wrap\" data-name=\"bank-name-depository\"><input size=\"40\" maxlength=\"400\" class=\"wpcf7-form-control wpcf7-text wpcf7-validates-as-required\" aria-required=\"true\" aria-invalid=\"false\" value=\"\" type=\"text\" name=\"bank-name-depository\" \/><\/span> <\/label>\n<\/p>\n<div class=\"flexbox-container-form1\">\n\t<div>\n\t\t<p><label> N\u00daMERO DE RUTA <span class=\"wpcf7-form-control-wrap\" data-name=\"routing-number\"><input size=\"40\" maxlength=\"400\" class=\"wpcf7-form-control wpcf7-text wpcf7-validates-as-required\" aria-required=\"true\" aria-invalid=\"false\" value=\"\" type=\"text\" name=\"routing-number\" \/><\/span> <\/label>\n\t\t<\/p>\n\t<\/div>\n\t<div>\n\t\t<p><label> N\u00daMERO DE CUENTA <span class=\"wpcf7-form-control-wrap\" data-name=\"account-number\"><input size=\"40\" maxlength=\"400\" class=\"wpcf7-form-control wpcf7-text wpcf7-validates-as-required\" aria-required=\"true\" aria-invalid=\"false\" value=\"\" type=\"text\" name=\"account-number\" \/><\/span> <\/label>\n\t\t<\/p>\n\t<\/div>\n<\/div>\n<p><label> NOMBRE(S) EN LA CUENTA<br \/>\n<span class=\"wpcf7-form-control-wrap\" data-name=\"name-on-the-account\"><input size=\"40\" maxlength=\"400\" class=\"wpcf7-form-control wpcf7-text wpcf7-validates-as-required\" aria-required=\"true\" aria-invalid=\"false\" value=\"\" type=\"text\" name=\"name-on-the-account\" \/><\/span> <\/label>\n<\/p>\n<p><label> MONTO QUE DESEA PAGAR\/DEBITAR<br \/>\n<span class=\"wpcf7-form-control-wrap\" data-name=\"amount-you-wish-to-pay-debit\"><input size=\"40\" maxlength=\"400\" class=\"wpcf7-form-control wpcf7-text wpcf7-validates-as-required\" aria-required=\"true\" aria-invalid=\"false\" value=\"\" type=\"text\" name=\"amount-you-wish-to-pay-debit\" \/><\/span> <\/label>\n<\/p>\n<p><label> FECHA DE TRANSACCI\u00d3N PARA D\u00c9BITO(S) ACH<br \/>\n<span class=\"wpcf7-form-control-wrap\" data-name=\"transaction-date\"><input size=\"40\" maxlength=\"400\" class=\"wpcf7-form-control wpcf7-text wpcf7-validates-as-required\" aria-required=\"true\" aria-invalid=\"false\" value=\"\" type=\"text\" name=\"transaction-date\" \/><\/span> <\/label>\n<\/p>\n<p class=\" translation-block\">Entiendo (entendemos) que esta autorizaci\u00f3n permanecer\u00e1 en pleno vigor y efecto hasta que (nosotros) notifiquemos a ROLAND<br>\nPROPERTIES, INC. por escrito que deseo (nosotros) revocar esta autorizaci\u00f3n. Entiendo (entendemos) que ROLAND<br>\nPROPERTIES, INC. requiere un aviso previo de al menos 15 d\u00edas para cancelar esta autorizaci\u00f3n.<\/p>\n<p><label> NOMBRE(S) (Letra de imprenta)<br \/>\n<span class=\"wpcf7-form-control-wrap\" data-name=\"names\"><input size=\"40\" maxlength=\"400\" class=\"wpcf7-form-control wpcf7-text wpcf7-validates-as-required\" aria-required=\"true\" aria-invalid=\"false\" value=\"\" type=\"text\" name=\"names\" \/><\/span> <\/label>\n<\/p>\n<div class=\"flexbox-container-form1a\">\n\t<div>\n\t\t<p><label> Fecha<br \/>\n<span class=\"wpcf7-form-control-wrap\" data-name=\"date-01\"><input class=\"wpcf7-form-control wpcf7-date wpcf7-validates-as-required wpcf7-validates-as-date\" aria-required=\"true\" aria-invalid=\"false\" value=\"\" type=\"date\" name=\"date-01\" \/><\/span> <\/label>\n\t\t<\/p>\n\t<\/div>\n\t<div>\n\t\t<p>Firma (Por favor, escriba su firma en el cuadro de abajo)<br \/>\n<div class=\"wpcf7-form-control-signature-global-wrap\" wpcf7-form-control-wrap data-field-id=\"signature-01\">\n\t\t\t\t<div class=\"wpcf7-form-control-signature-wrap\" style=\"width:300px;height:200px;\">\n\t\t\t\t\t<div class=\"wpcf7-form-control-signature-body\">\n\t\t\t\t\t\t<canvas id=\"wpcf7_signature-01_signature\" class=\"signature-01\"><\/canvas>\n\t\t\t\t\t<\/div>\n\t\t\t\t<\/div>\n\t\t\t\t<div class=\"wpcf7-form-control-clear-wrap\">\n\t\t\t\t\t<input id=\"wpcf7_signature-01_clear\" type=\"button\" value=\"Clear\"\/>\n\t\t\t\t<\/div>\n\t\t\t<\/div>\n\t\t\t<span class=\"wpcf7-form-control-wrap wpcf7-form-control-signature-input-wrap signature-01\">\n\t\t\t\t<input aria-required=\"true\" aria-invalid=\"false\" value=\"\" type=\"hidden\" name=\"signature-01\" id=\"wpcf7_input_signature-01\" class=\"wpcf7-form-control wpcf7-signature\" \/><input type=\"hidden\" name=\"signature-01-attachment\" id=\"wpcf7_input_signature-01_attachment\" class=\"wpcf7-form-control wpcf7-signature\" \/><input type=\"hidden\" name=\"signature-01-inline\" id=\"wpcf7_input_signature-01_inline\" class=\"wpcf7-form-control wpcf7-signature\" \/>\n\t\t\t<\/span>\n\t\t\t\n\t\t<\/p>\n\t<\/div>\n<\/div>\n<div class=\"form-submit\">\n\t<p><input class=\"wpcf7-form-control wpcf7-submit has-spinner\" type=\"submit\" value=\"Enviar\" \/>\n\t<\/p>\n<\/div><p style=\"display: none !important;\" class=\"akismet-fields-container\" data-prefix=\"_wpcf7_ak_\"><label>&#916;<textarea name=\"_wpcf7_ak_hp_textarea\" cols=\"45\" rows=\"8\" maxlength=\"100\"><\/textarea><\/label><input type=\"hidden\" id=\"ak_js_1\" name=\"_wpcf7_ak_js\" value=\"31\"\/><script>\ndocument.getElementById( \"ak_js_1\" ).setAttribute( \"value\", ( new Date() ).getTime() );\n<\/script>\n<\/p><div class=\"wpcf7-response-output\" aria-hidden=\"true\"><\/div>\n<input type=\"hidden\" name=\"trp-form-language\" value=\"es\"\/><\/form>\n<\/div>\n<\/div>\n\t\t\t\t\t\t<\/div>\n\t\t\t\t<\/div>\n\t\t\t\t\t<\/div>\n\t\t<\/div>\n\t\t\t\t\t<\/div>\n\t\t<\/section>\n\t\t\t\t<\/div>","protected":false},"excerpt":{"rendered":"<p>Payment Portal 9663 Santa Monica Blvd. Suite 641 Beverly Hills, CA. 90210 Phone: 310-926-6800 | Fax: 310-256-3672<\/p>","protected":false},"author":1,"featured_media":0,"parent":0,"menu_order":0,"comment_status":"closed","ping_status":"closed","template":"elementor_header_footer","meta":{"om_disable_all_campaigns":false,"inline_featured_image":false,"footnotes":""},"class_list":["post-583","page","type-page","status-publish","hentry","entry"],"yoast_head":"<!-- This site is optimized with the Yoast SEO plugin v27.6 - https:\/\/yoast.com\/product\/yoast-seo-wordpress\/ -->\n<title>Payment Portal - Roland Properties<\/title>\n<meta name=\"robots\" content=\"index, follow, max-snippet:-1, max-image-preview:large, max-video-preview:-1\" \/>\n<link rel=\"canonical\" href=\"https:\/\/rolandproperties.com\/es\/payment-portal\/\" \/>\n<meta property=\"og:locale\" content=\"es_ES\" \/>\n<meta property=\"og:type\" content=\"article\" \/>\n<meta property=\"og:title\" content=\"Payment Portal - Roland Properties\" \/>\n<meta property=\"og:description\" content=\"Payment Portal 9663 Santa Monica Blvd. Suite 641 Beverly Hills, CA. 90210 Phone: 310-926-6800 | Fax: 310-256-3672\" \/>\n<meta property=\"og:url\" content=\"https:\/\/rolandproperties.com\/es\/payment-portal\/\" \/>\n<meta property=\"og:site_name\" content=\"Roland Properties\" \/>\n<meta property=\"article:modified_time\" content=\"2022-09-02T01:28:02+00:00\" \/>\n<meta name=\"twitter:card\" content=\"summary_large_image\" \/>\n<meta name=\"twitter:label1\" content=\"Tiempo de lectura\" \/>\n\t<meta name=\"twitter:data1\" content=\"1 minuto\" \/>\n<script type=\"application\/ld+json\" class=\"yoast-schema-graph\">{\"@context\":\"https:\\\/\\\/schema.org\",\"@graph\":[{\"@type\":\"WebPage\",\"@id\":\"https:\\\/\\\/rolandproperties.com\\\/payment-portal\\\/\",\"url\":\"https:\\\/\\\/rolandproperties.com\\\/payment-portal\\\/\",\"name\":\"Payment Portal - Roland Properties\",\"isPartOf\":{\"@id\":\"https:\\\/\\\/rolandproperties.com\\\/#website\"},\"datePublished\":\"2022-07-06T20:02:33+00:00\",\"dateModified\":\"2022-09-02T01:28:02+00:00\",\"breadcrumb\":{\"@id\":\"https:\\\/\\\/rolandproperties.com\\\/payment-portal\\\/#breadcrumb\"},\"inLanguage\":\"es\",\"potentialAction\":[{\"@type\":\"ReadAction\",\"target\":[\"https:\\\/\\\/rolandproperties.com\\\/payment-portal\\\/\"]}]},{\"@type\":\"BreadcrumbList\",\"@id\":\"https:\\\/\\\/rolandproperties.com\\\/payment-portal\\\/#breadcrumb\",\"itemListElement\":[{\"@type\":\"ListItem\",\"position\":1,\"name\":\"Home\",\"item\":\"https:\\\/\\\/rolandproperties.com\\\/\"},{\"@type\":\"ListItem\",\"position\":2,\"name\":\"Payment Portal\"}]},{\"@type\":\"WebSite\",\"@id\":\"https:\\\/\\\/rolandproperties.com\\\/#website\",\"url\":\"https:\\\/\\\/rolandproperties.com\\\/\",\"name\":\"Roland Properties\",\"description\":\"A premier Southern California land investment group\",\"publisher\":{\"@id\":\"https:\\\/\\\/rolandproperties.com\\\/#organization\"},\"potentialAction\":[{\"@type\":\"SearchAction\",\"target\":{\"@type\":\"EntryPoint\",\"urlTemplate\":\"https:\\\/\\\/rolandproperties.com\\\/?s={search_term_string}\"},\"query-input\":{\"@type\":\"PropertyValueSpecification\",\"valueRequired\":true,\"valueName\":\"search_term_string\"}}],\"inLanguage\":\"es\"},{\"@type\":\"Organization\",\"@id\":\"https:\\\/\\\/rolandproperties.com\\\/#organization\",\"name\":\"Roland Properties\",\"url\":\"https:\\\/\\\/rolandproperties.com\\\/\",\"logo\":{\"@type\":\"ImageObject\",\"inLanguage\":\"es\",\"@id\":\"https:\\\/\\\/rolandproperties.com\\\/#\\\/schema\\\/logo\\\/image\\\/\",\"url\":\"https:\\\/\\\/rolandproperties.com\\\/wp-content\\\/uploads\\\/2022\\\/05\\\/rp-logo.svg\",\"contentUrl\":\"https:\\\/\\\/rolandproperties.com\\\/wp-content\\\/uploads\\\/2022\\\/05\\\/rp-logo.svg\",\"width\":2243,\"height\":370,\"caption\":\"Roland Properties\"},\"image\":{\"@id\":\"https:\\\/\\\/rolandproperties.com\\\/#\\\/schema\\\/logo\\\/image\\\/\"}}]}<\/script>\n<!-- \/ Yoast SEO plugin. -->","yoast_head_json":{"title":"Payment Portal - Roland Properties","robots":{"index":"index","follow":"follow","max-snippet":"max-snippet:-1","max-image-preview":"max-image-preview:large","max-video-preview":"max-video-preview:-1"},"canonical":"https:\/\/rolandproperties.com\/es\/payment-portal\/","og_locale":"es_ES","og_type":"article","og_title":"Payment Portal - Roland Properties","og_description":"Payment Portal 9663 Santa Monica Blvd. Suite 641 Beverly Hills, CA. 90210 Phone: 310-926-6800 | Fax: 310-256-3672","og_url":"https:\/\/rolandproperties.com\/es\/payment-portal\/","og_site_name":"Roland Properties","article_modified_time":"2022-09-02T01:28:02+00:00","twitter_card":"summary_large_image","twitter_misc":{"Tiempo de lectura":"1 minuto"},"schema":{"@context":"https:\/\/schema.org","@graph":[{"@type":"WebPage","@id":"https:\/\/rolandproperties.com\/payment-portal\/","url":"https:\/\/rolandproperties.com\/payment-portal\/","name":"Payment Portal - Roland Properties","isPartOf":{"@id":"https:\/\/rolandproperties.com\/#website"},"datePublished":"2022-07-06T20:02:33+00:00","dateModified":"2022-09-02T01:28:02+00:00","breadcrumb":{"@id":"https:\/\/rolandproperties.com\/payment-portal\/#breadcrumb"},"inLanguage":"es","potentialAction":[{"@type":"ReadAction","target":["https:\/\/rolandproperties.com\/payment-portal\/"]}]},{"@type":"BreadcrumbList","@id":"https:\/\/rolandproperties.com\/payment-portal\/#breadcrumb","itemListElement":[{"@type":"ListItem","position":1,"name":"Home","item":"https:\/\/rolandproperties.com\/"},{"@type":"ListItem","position":2,"name":"Payment Portal"}]},{"@type":"WebSite","@id":"https:\/\/rolandproperties.com\/#website","url":"https:\/\/rolandproperties.com\/","name":"Roland Properties","description":"A premier Southern California land investment group","publisher":{"@id":"https:\/\/rolandproperties.com\/#organization"},"potentialAction":[{"@type":"SearchAction","target":{"@type":"EntryPoint","urlTemplate":"https:\/\/rolandproperties.com\/?s={search_term_string}"},"query-input":{"@type":"PropertyValueSpecification","valueRequired":true,"valueName":"search_term_string"}}],"inLanguage":"es"},{"@type":"Organization","@id":"https:\/\/rolandproperties.com\/#organization","name":"Roland Properties","url":"https:\/\/rolandproperties.com\/","logo":{"@type":"ImageObject","inLanguage":"es","@id":"https:\/\/rolandproperties.com\/#\/schema\/logo\/image\/","url":"https:\/\/rolandproperties.com\/wp-content\/uploads\/2022\/05\/rp-logo.svg","contentUrl":"https:\/\/rolandproperties.com\/wp-content\/uploads\/2022\/05\/rp-logo.svg","width":2243,"height":370,"caption":"Roland Properties"},"image":{"@id":"https:\/\/rolandproperties.com\/#\/schema\/logo\/image\/"}}]}},"_links":{"self":[{"href":"https:\/\/rolandproperties.com\/es\/wp-json\/wp\/v2\/pages\/583","targetHints":{"allow":["GET"]}}],"collection":[{"href":"https:\/\/rolandproperties.com\/es\/wp-json\/wp\/v2\/pages"}],"about":[{"href":"https:\/\/rolandproperties.com\/es\/wp-json\/wp\/v2\/types\/page"}],"author":[{"embeddable":true,"href":"https:\/\/rolandproperties.com\/es\/wp-json\/wp\/v2\/users\/1"}],"replies":[{"embeddable":true,"href":"https:\/\/rolandproperties.com\/es\/wp-json\/wp\/v2\/comments?post=583"}],"version-history":[{"count":0,"href":"https:\/\/rolandproperties.com\/es\/wp-json\/wp\/v2\/pages\/583\/revisions"}],"wp:attachment":[{"href":"https:\/\/rolandproperties.com\/es\/wp-json\/wp\/v2\/media?parent=583"}],"curies":[{"name":"wp","href":"https:\/\/api.w.org\/{rel}","templated":true}]}}