{"id":466,"date":"2022-06-20T18:33:16","date_gmt":"2022-06-20T18:33:16","guid":{"rendered":"https:\/\/rolandproperties.com\/?page_id=466"},"modified":"2023-08-16T20:03:13","modified_gmt":"2023-08-16T20:03:13","slug":"farming-and-opportunity","status":"publish","type":"page","link":"https:\/\/rolandproperties.com\/es\/farming-and-opportunity\/","title":{"rendered":"Agricultura y Oportunidades"},"content":{"rendered":"<div data-elementor-type=\"wp-page\" data-elementor-id=\"466\" class=\"elementor elementor-466\">\n\t\t\t\t\t\t<section class=\"elementor-section elementor-top-section elementor-element elementor-element-e7b10ea elementor-section-boxed elementor-section-height-default elementor-section-height-default\" data-id=\"e7b10ea\" data-element_type=\"section\" data-e-type=\"section\" data-settings=\"{&quot;background_background&quot;:&quot;classic&quot;}\">\n\t\t\t\t\t\t<div class=\"elementor-container elementor-column-gap-default\">\n\t\t\t\t\t<div class=\"elementor-column elementor-col-100 elementor-top-column elementor-element elementor-element-3a73b90\" data-id=\"3a73b90\" data-element_type=\"column\" data-e-type=\"column\">\n\t\t\t<div class=\"elementor-widget-wrap elementor-element-populated\">\n\t\t\t\t\t\t<div class=\"elementor-element elementor-element-a3eeb52 elementor-widget elementor-widget-heading\" data-id=\"a3eeb52\" data-element_type=\"widget\" data-e-type=\"widget\" data-widget_type=\"heading.default\">\n\t\t\t\t<div class=\"elementor-widget-container\">\n\t\t\t\t\t<h2 class=\"elementor-heading-title elementor-size-default\">Agricultura y Oportunidades <\/h2>\t\t\t\t<\/div>\n\t\t\t\t<\/div>\n\t\t\t\t\t<\/div>\n\t\t<\/div>\n\t\t\t\t\t<\/div>\n\t\t<\/section>\n\t\t\t\t<section class=\"elementor-section elementor-top-section elementor-element elementor-element-e559b4a elementor-section-boxed elementor-section-height-default elementor-section-height-default\" data-id=\"e559b4a\" data-element_type=\"section\" data-e-type=\"section\" data-settings=\"{&quot;background_background&quot;:&quot;classic&quot;}\">\n\t\t\t\t\t\t<div class=\"elementor-container elementor-column-gap-default\">\n\t\t\t\t\t<div class=\"elementor-column elementor-col-100 elementor-top-column elementor-element elementor-element-5aa9e1f\" data-id=\"5aa9e1f\" data-element_type=\"column\" data-e-type=\"column\">\n\t\t\t<div class=\"elementor-widget-wrap elementor-element-populated\">\n\t\t\t\t\t\t<div class=\"elementor-element elementor-element-cc99920 elementor-widget elementor-widget-text-editor\" data-id=\"cc99920\" data-element_type=\"widget\" data-e-type=\"widget\" data-widget_type=\"text-editor.default\">\n\t\t\t\t<div class=\"elementor-widget-container\">\n\t\t\t\t\t\t\t\t\t<p>La agricultura est\u00e1 escrita en la rica historia de Lancaster. Los primeros a\u00f1os de la d\u00e9cada de 1890 tuvieron a\u00f1os de fuertes lluvias, lo que gener\u00f3 prosperidad para los agricultores locales, siendo la alfalfa un producto importante. Luego, en 1893, se sembraron trigo y cebada en <a href=\"https:\/\/en.wikipedia.org\/wiki\/Lancaster,_California\" target=\"_blank\" rel=\"noopener\">60 mil acres<\/a> que bordeaban las colinas.<\/p>\t\t\t\t\t\t\t\t<\/div>\n\t\t\t\t<\/div>\n\t\t\t\t<div class=\"elementor-element elementor-element-6d3f618 elementor-widget elementor-widget-image\" data-id=\"6d3f618\" data-element_type=\"widget\" data-e-type=\"widget\" data-widget_type=\"image.default\">\n\t\t\t\t<div class=\"elementor-widget-container\">\n\t\t\t\t\t\t\t\t\t\t\t\t\t\t\t\t<a href=\"https:\/\/www.cityoflancasterca.org\/our-city\/about-us\/history-demographics\/history-of-lancaster\/1876-1910-the-beginning\" target=\"_blank\">\n\t\t\t\t\t\t\t<img fetchpriority=\"high\" decoding=\"async\" width=\"628\" height=\"314\" src=\"https:\/\/rolandproperties.com\/wp-content\/uploads\/2023\/08\/1983-min.jpg\" class=\"attachment-large size-large wp-image-655\" alt=\"\" srcset=\"https:\/\/rolandproperties.com\/wp-content\/uploads\/2023\/08\/1983-min.jpg 628w, https:\/\/rolandproperties.com\/wp-content\/uploads\/2023\/08\/1983-min-300x150.jpg 300w, https:\/\/rolandproperties.com\/wp-content\/uploads\/2023\/08\/1983-min-18x9.jpg 18w\" sizes=\"(max-width: 628px) 100vw, 628px\" \/>\t\t\t\t\t\t\t\t<\/a>\n\t\t\t\t\t\t\t\t\t\t\t\t\t\t\t<\/div>\n\t\t\t\t<\/div>\n\t\t\t\t<div class=\"elementor-element elementor-element-555e63c elementor-widget elementor-widget-text-editor\" data-id=\"555e63c\" data-element_type=\"widget\" data-e-type=\"widget\" data-widget_type=\"text-editor.default\">\n\t\t\t\t<div class=\"elementor-widget-container\">\n\t\t\t\t\t\t\t\t\t<p>Ahora, Lancaster y las \u00e1reas circundantes albergan cultivos comerciales del desierto alto, como alfalfa, granos peque\u00f1os para heno, cebollas, zanahorias, duraznos, peras y nectarinas. Aunque las cerezas, las manzanas y las uvas tambi\u00e9n se cultivan comercialmente, se producen a menor escala.<\/p>\t\t\t\t\t\t\t\t<\/div>\n\t\t\t\t<\/div>\n\t\t\t\t<div class=\"elementor-element elementor-element-71e7b1b elementor-widget elementor-widget-image\" data-id=\"71e7b1b\" data-element_type=\"widget\" data-e-type=\"widget\" data-widget_type=\"image.default\">\n\t\t\t\t<div class=\"elementor-widget-container\">\n\t\t\t\t\t\t\t\t\t\t\t\t\t\t\t<img decoding=\"async\" width=\"880\" height=\"488\" src=\"https:\/\/rolandproperties.com\/wp-content\/uploads\/2022\/06\/Farming-and-Opportunity-01.jpg\" class=\"attachment-large size-large wp-image-470\" alt=\"\" srcset=\"https:\/\/rolandproperties.com\/wp-content\/uploads\/2022\/06\/Farming-and-Opportunity-01.jpg 880w, https:\/\/rolandproperties.com\/wp-content\/uploads\/2022\/06\/Farming-and-Opportunity-01-300x166.jpg 300w, https:\/\/rolandproperties.com\/wp-content\/uploads\/2022\/06\/Farming-and-Opportunity-01-768x426.jpg 768w\" sizes=\"(max-width: 880px) 100vw, 880px\" \/>\t\t\t\t\t\t\t\t\t\t\t\t\t\t\t<\/div>\n\t\t\t\t<\/div>\n\t\t\t\t<div class=\"elementor-element elementor-element-ac02939 elementor-widget elementor-widget-text-editor\" data-id=\"ac02939\" data-element_type=\"widget\" data-e-type=\"widget\" data-widget_type=\"text-editor.default\">\n\t\t\t\t<div class=\"elementor-widget-container\">\n\t\t\t\t\t\t\t\t\t<p><strong>C\u00d3MO ES EL FUTURO DE LA AGRICULTURA EN LANCASTER ANTELOPE VALLEY.<\/strong><\/p><p>Lancaster ha estado invirtiendo en el futuro de la agricultura. Han <a href=\"https:\/\/www.prnewswire.com\/news-releases\/the-city-of-lancaster-approves-2-8-million-square-foot-high-tech-sustainable-glass-farm-301396498.html\" target=\"_blank\" rel=\"noopener\">firmado un acuerdo<\/a>\u00a0con <a href=\"https:\/\/bluehousegreenhouse.com\/\" target=\"_blank\" rel=\"noopener\">Bluehouse Greenhouse Inc<\/a>, una empresa de tecnolog\u00eda agr\u00edcola enfocada en el desarrollo y las operaciones de escala comercial, invernaderos de alta tecnolog\u00eda y centros de energ\u00eda para respaldar la creciente demanda de productos frescos de alta calidad, sostenibles y trazables.<\/p><p>A partir de 2022, m\u00e1s del 60% de los cultivos de vid que se consumen en los Estados Unidos se importan de otros pa\u00edses. Bluehouse trae esos cultivos y trabajos de vuelta a nuestro suelo a trav\u00e9s de un proceso eficiente, rentable y sostenible.<\/p>\t\t\t\t\t\t\t\t<\/div>\n\t\t\t\t<\/div>\n\t\t\t\t<section class=\"elementor-section elementor-inner-section elementor-element elementor-element-a65a195 elementor-section-boxed elementor-section-height-default elementor-section-height-default\" data-id=\"a65a195\" data-element_type=\"section\" data-e-type=\"section\">\n\t\t\t\t\t\t<div class=\"elementor-container elementor-column-gap-default\">\n\t\t\t\t\t<div class=\"elementor-column elementor-col-100 elementor-inner-column elementor-element elementor-element-b52ae0a\" data-id=\"b52ae0a\" data-element_type=\"column\" data-e-type=\"column\" data-settings=\"{&quot;background_background&quot;:&quot;classic&quot;}\">\n\t\t\t<div class=\"elementor-widget-wrap elementor-element-populated\">\n\t\t\t\t\t\t<div class=\"elementor-element elementor-element-3c78791 elementor-widget elementor-widget-text-editor\" data-id=\"3c78791\" data-element_type=\"widget\" data-e-type=\"widget\" data-widget_type=\"text-editor.default\">\n\t\t\t\t<div class=\"elementor-widget-container\">\n\t\t\t\t\t\t\t\t\t<p>\u201cSe cree que el proyecto por s\u00ed solo generar\u00e1 cientos de nuevos trabajos de construcci\u00f3n, as\u00ed como m\u00e1s de 200 trabajos calificados permanentes\u201d, dijo Ari Kasha, fundador de <a style=\"color: #004978; text-decoration: underline;\" href=\"https:\/\/bluehousegreenhouse.com\/\" target=\"_blank\" rel=\"noopener\">Bluehouse Greenhouse Inc.<\/a>, citado por <a style=\"color: #004978; text-decoration: underline;\" href=\"https:\/\/www.prnewswire.com\/news-releases\/the-city-of-lancaster-approves-2-8-million-square-foot-high-tech-sustainable-glass-farm-301396498.html\" target=\"_blank\" rel=\"noopener\">Cision PR Newswire<\/a><em>, 8 de octubre de 2021.<\/em><\/p>\t\t\t\t\t\t\t\t<\/div>\n\t\t\t\t<\/div>\n\t\t\t\t\t<\/div>\n\t\t<\/div>\n\t\t\t\t\t<\/div>\n\t\t<\/section>\n\t\t\t\t<div class=\"elementor-element elementor-element-a15f824 elementor-widget elementor-widget-text-editor\" data-id=\"a15f824\" data-element_type=\"widget\" data-e-type=\"widget\" data-widget_type=\"text-editor.default\">\n\t\t\t\t<div class=\"elementor-widget-container\">\n\t\t\t\t\t\t\t\t\t<p>Eso es mucho potencial para la inversi\u00f3n en las \u00e1reas circundantes.<\/p><p>Dada la demograf\u00eda y la econom\u00eda de Lancaster y su rica historia en agricultura, la expansi\u00f3n de la agricultura y los avances tecnol\u00f3gicos en la industria agr\u00edcola hacen que invertir en The Antelope Valley sea una gran oportunidad.<\/p>\t\t\t\t\t\t\t\t<\/div>\n\t\t\t\t<\/div>\n\t\t\t\t<div class=\"elementor-element elementor-element-1713de4 elementor-widget elementor-widget-image\" data-id=\"1713de4\" data-element_type=\"widget\" data-e-type=\"widget\" data-widget_type=\"image.default\">\n\t\t\t\t<div class=\"elementor-widget-container\">\n\t\t\t\t\t\t\t\t\t\t\t\t\t\t\t<img decoding=\"async\" width=\"550\" height=\"741\" src=\"https:\/\/rolandproperties.com\/wp-content\/uploads\/2022\/06\/Farming-and-Opportunity-02.jpg\" class=\"attachment-large size-large wp-image-471\" alt=\"\" srcset=\"https:\/\/rolandproperties.com\/wp-content\/uploads\/2022\/06\/Farming-and-Opportunity-02.jpg 550w, https:\/\/rolandproperties.com\/wp-content\/uploads\/2022\/06\/Farming-and-Opportunity-02-223x300.jpg 223w\" sizes=\"(max-width: 550px) 100vw, 550px\" \/>\t\t\t\t\t\t\t\t\t\t\t\t\t\t\t<\/div>\n\t\t\t\t<\/div>\n\t\t\t\t\t<\/div>\n\t\t<\/div>\n\t\t\t\t\t<\/div>\n\t\t<\/section>\n\t\t\t\t<section class=\"elementor-section elementor-top-section elementor-element elementor-element-0edc71f elementor-section-full_width elementor-section-height-default elementor-section-height-default\" data-id=\"0edc71f\" data-element_type=\"section\" data-e-type=\"section\" data-settings=\"{&quot;background_background&quot;:&quot;classic&quot;}\">\n\t\t\t\t\t\t<div class=\"elementor-container elementor-column-gap-default\">\n\t\t\t\t\t<div class=\"elementor-column elementor-col-50 elementor-top-column elementor-element elementor-element-056a0d8\" data-id=\"056a0d8\" data-element_type=\"column\" data-e-type=\"column\" data-settings=\"{&quot;background_background&quot;:&quot;classic&quot;}\">\n\t\t\t<div class=\"elementor-widget-wrap elementor-element-populated\">\n\t\t\t\t\t\t<div class=\"elementor-element elementor-element-f5d0021 elementor-widget elementor-widget-heading\" data-id=\"f5d0021\" data-element_type=\"widget\" data-e-type=\"widget\" data-widget_type=\"heading.default\">\n\t\t\t\t<div class=\"elementor-widget-container\">\n\t\t\t\t\t<h2 class=\"elementor-heading-title elementor-size-default\">COMUN\u00cdQUESE con nosotros si desea ser parte de este emocionante crecimiento al convertirse en un inversionista en el futuro de Lancaster.<\/h2>\t\t\t\t<\/div>\n\t\t\t\t<\/div>\n\t\t\t\t<div class=\"elementor-element elementor-element-185394f elementor-widget-divider--view-line elementor-widget elementor-widget-divider\" data-id=\"185394f\" data-element_type=\"widget\" data-e-type=\"widget\" data-widget_type=\"divider.default\">\n\t\t\t\t<div class=\"elementor-widget-container\">\n\t\t\t\t\t\t\t<div class=\"elementor-divider\">\n\t\t\t<span class=\"elementor-divider-separator\">\n\t\t\t\t\t\t<\/span>\n\t\t<\/div>\n\t\t\t\t\t\t<\/div>\n\t\t\t\t<\/div>\n\t\t\t\t\t<\/div>\n\t\t<\/div>\n\t\t\t\t<div class=\"elementor-column elementor-col-50 elementor-top-column elementor-element elementor-element-c9f7b34\" data-id=\"c9f7b34\" data-element_type=\"column\" data-e-type=\"column\" data-settings=\"{&quot;background_background&quot;:&quot;classic&quot;}\">\n\t\t\t<div class=\"elementor-widget-wrap elementor-element-populated\">\n\t\t\t\t\t\t<div class=\"elementor-element elementor-element-2f4f5dc elementor-widget elementor-widget-heading\" data-id=\"2f4f5dc\" data-element_type=\"widget\" data-e-type=\"widget\" data-widget_type=\"heading.default\">\n\t\t\t\t<div class=\"elementor-widget-container\">\n\t\t\t\t\t<h2 class=\"elementor-heading-title elementor-size-default\"><a href=\"mailto:staff@rolandproperties.com\">staff@rolandproperties.com<\/a><\/h2>\t\t\t\t<\/div>\n\t\t\t\t<\/div>\n\t\t\t\t\t<\/div>\n\t\t<\/div>\n\t\t\t\t\t<\/div>\n\t\t<\/section>\n\t\t\t\t<\/div>","protected":false},"excerpt":{"rendered":"<p>Farming and Opportunity Agriculture is written into Lancaster\u2019s rich history. The early 1890s had years of heavy rainfall, creating prosperity for the local farmers, alfalfa being a major product. Then, in 1893, 60 thousand acres skirting the foothills were planted with wheat and barley. Today, Lancaster and the surrounding areas are home to commercially grown [&hellip;]<\/p>\n","protected":false},"author":1,"featured_media":0,"parent":0,"menu_order":0,"comment_status":"closed","ping_status":"closed","template":"elementor_header_footer","meta":{"om_disable_all_campaigns":false,"inline_featured_image":false,"footnotes":""},"class_list":["post-466","page","type-page","status-publish","hentry","entry"],"yoast_head":"<!-- This site is optimized with the Yoast SEO plugin v27.3 - https:\/\/yoast.com\/product\/yoast-seo-wordpress\/ -->\n<title>Farming and Opportunity - Roland Properties<\/title>\n<meta name=\"robots\" content=\"index, follow, max-snippet:-1, max-image-preview:large, max-video-preview:-1\" \/>\n<link rel=\"canonical\" href=\"https:\/\/rolandproperties.com\/es\/farming-and-opportunity\/\" \/>\n<meta property=\"og:locale\" content=\"es_ES\" \/>\n<meta property=\"og:type\" content=\"article\" \/>\n<meta property=\"og:title\" content=\"Farming and Opportunity - Roland Properties\" \/>\n<meta property=\"og:description\" content=\"Farming and Opportunity Agriculture is written into Lancaster\u2019s rich history. The early 1890s had years of heavy rainfall, creating prosperity for the local farmers, alfalfa being a major product. Then, in 1893, 60 thousand acres skirting the foothills were planted with wheat and barley. Today, Lancaster and the surrounding areas are home to commercially grown [&hellip;]\" \/>\n<meta property=\"og:url\" content=\"https:\/\/rolandproperties.com\/es\/farming-and-opportunity\/\" \/>\n<meta property=\"og:site_name\" content=\"Roland Properties\" \/>\n<meta property=\"article:modified_time\" content=\"2023-08-16T20:03:13+00:00\" \/>\n<meta property=\"og:image\" content=\"https:\/\/rolandproperties.com\/wp-content\/uploads\/2023\/08\/1983-min.jpg\" \/>\n<meta name=\"twitter:card\" content=\"summary_large_image\" \/>\n<meta name=\"twitter:label1\" content=\"Tiempo de lectura\" \/>\n\t<meta name=\"twitter:data1\" content=\"2 minutos\" \/>\n<script type=\"application\/ld+json\" class=\"yoast-schema-graph\">{\"@context\":\"https:\\\/\\\/schema.org\",\"@graph\":[{\"@type\":\"WebPage\",\"@id\":\"https:\\\/\\\/rolandproperties.com\\\/farming-and-opportunity\\\/\",\"url\":\"https:\\\/\\\/rolandproperties.com\\\/farming-and-opportunity\\\/\",\"name\":\"Farming and Opportunity - Roland Properties\",\"isPartOf\":{\"@id\":\"https:\\\/\\\/rolandproperties.com\\\/#website\"},\"primaryImageOfPage\":{\"@id\":\"https:\\\/\\\/rolandproperties.com\\\/farming-and-opportunity\\\/#primaryimage\"},\"image\":{\"@id\":\"https:\\\/\\\/rolandproperties.com\\\/farming-and-opportunity\\\/#primaryimage\"},\"thumbnailUrl\":\"https:\\\/\\\/rolandproperties.com\\\/wp-content\\\/uploads\\\/2023\\\/08\\\/1983-min.jpg\",\"datePublished\":\"2022-06-20T18:33:16+00:00\",\"dateModified\":\"2023-08-16T20:03:13+00:00\",\"breadcrumb\":{\"@id\":\"https:\\\/\\\/rolandproperties.com\\\/farming-and-opportunity\\\/#breadcrumb\"},\"inLanguage\":\"es\",\"potentialAction\":[{\"@type\":\"ReadAction\",\"target\":[\"https:\\\/\\\/rolandproperties.com\\\/farming-and-opportunity\\\/\"]}]},{\"@type\":\"ImageObject\",\"inLanguage\":\"es\",\"@id\":\"https:\\\/\\\/rolandproperties.com\\\/farming-and-opportunity\\\/#primaryimage\",\"url\":\"https:\\\/\\\/rolandproperties.com\\\/wp-content\\\/uploads\\\/2023\\\/08\\\/1983-min.jpg\",\"contentUrl\":\"https:\\\/\\\/rolandproperties.com\\\/wp-content\\\/uploads\\\/2023\\\/08\\\/1983-min.jpg\"},{\"@type\":\"BreadcrumbList\",\"@id\":\"https:\\\/\\\/rolandproperties.com\\\/farming-and-opportunity\\\/#breadcrumb\",\"itemListElement\":[{\"@type\":\"ListItem\",\"position\":1,\"name\":\"Home\",\"item\":\"https:\\\/\\\/rolandproperties.com\\\/\"},{\"@type\":\"ListItem\",\"position\":2,\"name\":\"Farming and Opportunity\"}]},{\"@type\":\"WebSite\",\"@id\":\"https:\\\/\\\/rolandproperties.com\\\/#website\",\"url\":\"https:\\\/\\\/rolandproperties.com\\\/\",\"name\":\"Roland Properties\",\"description\":\"A premier Southern California land investment group\",\"publisher\":{\"@id\":\"https:\\\/\\\/rolandproperties.com\\\/#organization\"},\"potentialAction\":[{\"@type\":\"SearchAction\",\"target\":{\"@type\":\"EntryPoint\",\"urlTemplate\":\"https:\\\/\\\/rolandproperties.com\\\/?s={search_term_string}\"},\"query-input\":{\"@type\":\"PropertyValueSpecification\",\"valueRequired\":true,\"valueName\":\"search_term_string\"}}],\"inLanguage\":\"es\"},{\"@type\":\"Organization\",\"@id\":\"https:\\\/\\\/rolandproperties.com\\\/#organization\",\"name\":\"Roland Properties\",\"url\":\"https:\\\/\\\/rolandproperties.com\\\/\",\"logo\":{\"@type\":\"ImageObject\",\"inLanguage\":\"es\",\"@id\":\"https:\\\/\\\/rolandproperties.com\\\/#\\\/schema\\\/logo\\\/image\\\/\",\"url\":\"https:\\\/\\\/rolandproperties.com\\\/wp-content\\\/uploads\\\/2022\\\/05\\\/rp-logo.svg\",\"contentUrl\":\"https:\\\/\\\/rolandproperties.com\\\/wp-content\\\/uploads\\\/2022\\\/05\\\/rp-logo.svg\",\"width\":2243,\"height\":370,\"caption\":\"Roland Properties\"},\"image\":{\"@id\":\"https:\\\/\\\/rolandproperties.com\\\/#\\\/schema\\\/logo\\\/image\\\/\"}}]}<\/script>\n<!-- \/ Yoast SEO plugin. -->","yoast_head_json":{"title":"Farming and Opportunity - Roland Properties","robots":{"index":"index","follow":"follow","max-snippet":"max-snippet:-1","max-image-preview":"max-image-preview:large","max-video-preview":"max-video-preview:-1"},"canonical":"https:\/\/rolandproperties.com\/es\/farming-and-opportunity\/","og_locale":"es_ES","og_type":"article","og_title":"Farming and Opportunity - Roland Properties","og_description":"Farming and Opportunity Agriculture is written into Lancaster\u2019s rich history. The early 1890s had years of heavy rainfall, creating prosperity for the local farmers, alfalfa being a major product. Then, in 1893, 60 thousand acres skirting the foothills were planted with wheat and barley. Today, Lancaster and the surrounding areas are home to commercially grown [&hellip;]","og_url":"https:\/\/rolandproperties.com\/es\/farming-and-opportunity\/","og_site_name":"Roland Properties","article_modified_time":"2023-08-16T20:03:13+00:00","og_image":[{"url":"https:\/\/rolandproperties.com\/wp-content\/uploads\/2023\/08\/1983-min.jpg","type":"","width":"","height":""}],"twitter_card":"summary_large_image","twitter_misc":{"Tiempo de lectura":"2 minutos"},"schema":{"@context":"https:\/\/schema.org","@graph":[{"@type":"WebPage","@id":"https:\/\/rolandproperties.com\/farming-and-opportunity\/","url":"https:\/\/rolandproperties.com\/farming-and-opportunity\/","name":"Farming and Opportunity - Roland Properties","isPartOf":{"@id":"https:\/\/rolandproperties.com\/#website"},"primaryImageOfPage":{"@id":"https:\/\/rolandproperties.com\/farming-and-opportunity\/#primaryimage"},"image":{"@id":"https:\/\/rolandproperties.com\/farming-and-opportunity\/#primaryimage"},"thumbnailUrl":"https:\/\/rolandproperties.com\/wp-content\/uploads\/2023\/08\/1983-min.jpg","datePublished":"2022-06-20T18:33:16+00:00","dateModified":"2023-08-16T20:03:13+00:00","breadcrumb":{"@id":"https:\/\/rolandproperties.com\/farming-and-opportunity\/#breadcrumb"},"inLanguage":"es","potentialAction":[{"@type":"ReadAction","target":["https:\/\/rolandproperties.com\/farming-and-opportunity\/"]}]},{"@type":"ImageObject","inLanguage":"es","@id":"https:\/\/rolandproperties.com\/farming-and-opportunity\/#primaryimage","url":"https:\/\/rolandproperties.com\/wp-content\/uploads\/2023\/08\/1983-min.jpg","contentUrl":"https:\/\/rolandproperties.com\/wp-content\/uploads\/2023\/08\/1983-min.jpg"},{"@type":"BreadcrumbList","@id":"https:\/\/rolandproperties.com\/farming-and-opportunity\/#breadcrumb","itemListElement":[{"@type":"ListItem","position":1,"name":"Home","item":"https:\/\/rolandproperties.com\/"},{"@type":"ListItem","position":2,"name":"Farming and Opportunity"}]},{"@type":"WebSite","@id":"https:\/\/rolandproperties.com\/#website","url":"https:\/\/rolandproperties.com\/","name":"Roland Properties","description":"A premier Southern California land investment group","publisher":{"@id":"https:\/\/rolandproperties.com\/#organization"},"potentialAction":[{"@type":"SearchAction","target":{"@type":"EntryPoint","urlTemplate":"https:\/\/rolandproperties.com\/?s={search_term_string}"},"query-input":{"@type":"PropertyValueSpecification","valueRequired":true,"valueName":"search_term_string"}}],"inLanguage":"es"},{"@type":"Organization","@id":"https:\/\/rolandproperties.com\/#organization","name":"Roland Properties","url":"https:\/\/rolandproperties.com\/","logo":{"@type":"ImageObject","inLanguage":"es","@id":"https:\/\/rolandproperties.com\/#\/schema\/logo\/image\/","url":"https:\/\/rolandproperties.com\/wp-content\/uploads\/2022\/05\/rp-logo.svg","contentUrl":"https:\/\/rolandproperties.com\/wp-content\/uploads\/2022\/05\/rp-logo.svg","width":2243,"height":370,"caption":"Roland Properties"},"image":{"@id":"https:\/\/rolandproperties.com\/#\/schema\/logo\/image\/"}}]}},"_links":{"self":[{"href":"https:\/\/rolandproperties.com\/es\/wp-json\/wp\/v2\/pages\/466","targetHints":{"allow":["GET"]}}],"collection":[{"href":"https:\/\/rolandproperties.com\/es\/wp-json\/wp\/v2\/pages"}],"about":[{"href":"https:\/\/rolandproperties.com\/es\/wp-json\/wp\/v2\/types\/page"}],"author":[{"embeddable":true,"href":"https:\/\/rolandproperties.com\/es\/wp-json\/wp\/v2\/users\/1"}],"replies":[{"embeddable":true,"href":"https:\/\/rolandproperties.com\/es\/wp-json\/wp\/v2\/comments?post=466"}],"version-history":[{"count":0,"href":"https:\/\/rolandproperties.com\/es\/wp-json\/wp\/v2\/pages\/466\/revisions"}],"wp:attachment":[{"href":"https:\/\/rolandproperties.com\/es\/wp-json\/wp\/v2\/media?parent=466"}],"curies":[{"name":"wp","href":"https:\/\/api.w.org\/{rel}","templated":true}]}}